{"id":1,"date":"2026-02-01T18:32:20","date_gmt":"2026-02-01T18:32:20","guid":{"rendered":"http:\/\/meralli.com\/?page_id=1"},"modified":"2026-03-06T18:01:16","modified_gmt":"2026-03-06T15:01:16","slug":"about","status":"publish","type":"page","link":"https:\/\/meralli.com\/tr\/","title":{"rendered":""},"content":{"rendered":"<p class=\"has-text-align-center wp-block-paragraph\"><strong>Ho\u015f geldiniz!<\/strong><br><strong>Web sitemiz \u015fu anda g\u00fcncellenmektedir.<\/strong><\/p>\n\n\n\n<p class=\"has-text-align-center wp-block-paragraph\"><br><strong>Ukrayna'daki sipari\u015fler i\u00e7in:<\/strong><\/p>\n\n\n\n<div class=\"wp-block-buttons is-layout-flex wp-container-core-buttons-is-layout-ceb2bc04 wp-block-buttons-is-layout-flex\">\n<div class=\"wp-block-button has-custom-width wp-block-button__width-100 is-style-outline is-style-outline--1\"><a class=\"wp-block-button__link has-text-align-center wp-element-button\" href=\"http:\/\/meralli.com.ua\">meralli.com.ua<\/a><\/div>\n<\/div>\n\n\n\n<p class=\"has-text-align-center wp-block-paragraph\"><br><strong>T\u00fcrkiye'deki sipari\u015fler i\u00e7in:<\/strong><\/p>\n\n\n\n<div class=\"wp-block-buttons is-layout-flex wp-block-buttons-is-layout-flex\">\n<div class=\"wp-block-button has-custom-width wp-block-button__width-100 is-style-outline is-style-outline--2\"><a class=\"wp-block-button__link wp-element-button\" href=\"http:\/\/meralli.com.tr\">meralli.com.tr<\/a><\/div>\n<\/div>\n\n\n\n\n\n<p class=\"wp-block-paragraph\" style=\"padding-top:var(--wp--preset--spacing--20);padding-bottom:var(--wp--preset--spacing--20)\"><\/p>\n\n\n\n<p class=\"wp-block-paragraph\"><\/p>\n\n\n\n<p class=\"wp-block-paragraph\"><\/p>","protected":false},"excerpt":{"rendered":"<p>Welcome!Our website is currently being updated. For orders in Ukraine: For orders in Turkey:<\/p>","protected":false},"author":276828774,"featured_media":20,"parent":0,"menu_order":0,"comment_status":"closed","ping_status":"open","template":"","meta":{"_crdt_document":"","advanced_seo_description":"","jetpack_seo_html_title":"","jetpack_seo_noindex":false,"footnotes":""},"class_list":["post-1","page","type-page","status-publish","has-post-thumbnail","hentry"],"jetpack_likes_enabled":true,"jetpack_sharing_enabled":true,"jetpack_shortlink":"https:\/\/wp.me\/Ph4tcg-1","jetpack-related-posts":[],"_links":{"self":[{"href":"https:\/\/meralli.com\/tr\/wp-json\/wp\/v2\/pages\/1","targetHints":{"allow":["GET"]}}],"collection":[{"href":"https:\/\/meralli.com\/tr\/wp-json\/wp\/v2\/pages"}],"about":[{"href":"https:\/\/meralli.com\/tr\/wp-json\/wp\/v2\/types\/page"}],"author":[{"embeddable":true,"href":"https:\/\/meralli.com\/tr\/wp-json\/wp\/v2\/users\/276828774"}],"replies":[{"embeddable":true,"href":"https:\/\/meralli.com\/tr\/wp-json\/wp\/v2\/comments?post=1"}],"version-history":[{"count":16,"href":"https:\/\/meralli.com\/tr\/wp-json\/wp\/v2\/pages\/1\/revisions"}],"predecessor-version":[{"id":438,"href":"https:\/\/meralli.com\/tr\/wp-json\/wp\/v2\/pages\/1\/revisions\/438"}],"wp:featuredmedia":[{"embeddable":true,"href":"https:\/\/meralli.com\/tr\/wp-json\/wp\/v2\/media\/20"}],"wp:attachment":[{"href":"https:\/\/meralli.com\/tr\/wp-json\/wp\/v2\/media?parent=1"}],"curies":[{"name":"wp","href":"https:\/\/api.w.org\/{rel}","templated":true}]}}